{"id":104,"date":"2020-10-07T07:59:03","date_gmt":"2020-10-07T07:59:03","guid":{"rendered":"http:\/\/pettenkofer.local\/about\/"},"modified":"2026-04-09T19:11:19","modified_gmt":"2026-04-09T19:11:19","slug":"uebermich","status":"publish","type":"page","link":"https:\/\/kerstinpettenkofer.de\/en\/uebermich\/","title":{"rendered":"About me"},"content":{"rendered":"<div data-elementor-type=\"wp-page\" data-elementor-id=\"104\" class=\"elementor elementor-104\">\n\t\t\t\t\t\t<section class=\"elementor-section elementor-top-section elementor-element elementor-element-1b4872b elementor-section-content-top elementor-section-boxed elementor-section-height-default elementor-section-height-default\" data-id=\"1b4872b\" data-element_type=\"section\" data-e-type=\"section\">\n\t\t\t\t\t\t<div class=\"elementor-container elementor-column-gap-extended\">\n\t\t\t\t\t<div class=\"elementor-column elementor-col-50 elementor-top-column elementor-element elementor-element-3952c38\" data-id=\"3952c38\" data-element_type=\"column\" data-e-type=\"column\">\n\t\t\t<div class=\"elementor-widget-wrap elementor-element-populated\">\n\t\t\t\t\t\t<div class=\"elementor-element elementor-element-032ce57 elementor-widget elementor-widget-heading\" data-id=\"032ce57\" data-element_type=\"widget\" data-e-type=\"widget\" data-widget_type=\"heading.default\">\n\t\t\t\t<div class=\"elementor-widget-container\">\n\t\t\t\t\t<h1 class=\"elementor-heading-title elementor-size-default\">Ich gehe dahin, wo es kompliziert wird.<\/h1>\t\t\t\t<\/div>\n\t\t\t\t<\/div>\n\t\t\t\t<div class=\"elementor-element elementor-element-ec73c68 elementor-widget__width-initial elementor-widget elementor-widget-text-editor\" data-id=\"ec73c68\" data-element_type=\"widget\" data-e-type=\"widget\" data-widget_type=\"text-editor.default\">\n\t\t\t\t<div class=\"elementor-widget-container\">\n\t\t\t\t\t\t\t\t\t<p style=\"text-align: center;\">Ich begleite Organisationen, Teams und F\u00fchrungskr\u00e4fte in Situationen, in denen es nicht mehr einfach weitergeht. Wenn Spannungen sp\u00fcrbar sind, Entscheidungen feststecken oder unklar ist, wie Zusammenarbeit gelingen kann. Mich interessieren genau diese Momente \u2013 weil hier Entwicklung m\u00f6glich wird.<\/p>\t\t\t\t\t\t\t\t<\/div>\n\t\t\t\t<\/div>\n\t\t\t\t<div class=\"elementor-element elementor-element-226cb6b elementor-widget elementor-widget-text-editor\" data-id=\"226cb6b\" data-element_type=\"widget\" data-e-type=\"widget\" data-widget_type=\"text-editor.default\">\n\t\t\t\t<div class=\"elementor-widget-container\">\n\t\t\t\t\t\t\t\t\t<p style=\"text-align: center;\" data-section-id=\"ikft80\" data-start=\"802\" data-end=\"824\"><span role=\"text\"><strong data-start=\"805\" data-end=\"824\">Wie ich arbeite&#8230;<\/strong><\/span><\/p><p style=\"text-align: center;\" data-section-id=\"ikft80\" data-start=\"802\" data-end=\"824\">Ich schaffe R\u00e4ume, in denen Dinge ausgesprochen werden k\u00f6nnen, die sonst oft unausgesprochen bleiben. Ich h\u00f6re zu, strukturiere, stelle Fragen \u2013 und bringe Themen auf den Punkt. Auch dann, wenn es unbequem wird. Dabei arbeite ich klar, zugewandt und mit dem Blick f\u00fcr das, was wirklich weiterhilft.<\/p><p style=\"text-align: center;\" data-start=\"1163\" data-end=\"1268\">Es geht mir nicht um schnelle L\u00f6sungen, sondern um Klarheit und Vereinbarungen, die im Alltag tragen.<\/p>\t\t\t\t\t\t\t\t<\/div>\n\t\t\t\t<\/div>\n\t\t\t\t<div class=\"elementor-element elementor-element-7841908 elementor-widget elementor-widget-text-editor\" data-id=\"7841908\" data-element_type=\"widget\" data-e-type=\"widget\" data-widget_type=\"text-editor.default\">\n\t\t\t\t<div class=\"elementor-widget-container\">\n\t\t\t\t\t\t\t\t\t<p style=\"text-align: center;\" data-section-id=\"17lawbp\" data-start=\"292\" data-end=\"319\"><span role=\"text\"><strong data-start=\"295\" data-end=\"319\">Was mich gepr\u00e4gt hat&#8230;<\/strong><\/span><\/p><p style=\"text-align: center;\" data-start=\"931\" data-end=\"1046\">Ich habe viele Jahre in und mit Organisationen gearbeitet \u2013 und selbst ein Unternehmen aufgebaut und gef\u00fchrt. Ich kenne die Perspektive von innen: Verantwortung tragen, Entscheidungen treffen, mit Unsicherheit umgehen. Dabei habe ich gesehen, wie sehr Zusammenarbeit dar\u00fcber entscheidet, ob Ver\u00e4nderung gelingt oder scheitert. Und wie oft nicht die Sache das Problem ist, sondern das, was zwischen Menschen passiert.<\/p><p style=\"text-align: center;\">\u00a0<\/p>\t\t\t\t\t\t\t\t<\/div>\n\t\t\t\t<\/div>\n\t\t\t\t<div class=\"elementor-element elementor-element-9a9b62c elementor-widget elementor-widget-text-editor\" data-id=\"9a9b62c\" data-element_type=\"widget\" data-e-type=\"widget\" data-widget_type=\"text-editor.default\">\n\t\t\t\t<div class=\"elementor-widget-container\">\n\t\t\t\t\t\t\t\t\t<p><strong data-start=\"2239\" data-end=\"2319\">Wenn du das Gef\u00fchl hast, dass es Zeit ist, Dinge zu kl\u00e4ren, melde dich gern<\/strong>\u00a0<a href=\"https:\/\/kerstinpettenkofer.de\/en\/kontakt\/\">per Mail oder telefonisch<\/a>.<\/p>\t\t\t\t\t\t\t\t<\/div>\n\t\t\t\t<\/div>\n\t\t\t\t\t<\/div>\n\t\t<\/div>\n\t\t\t\t<div class=\"elementor-column elementor-col-50 elementor-top-column elementor-element elementor-element-720baf3\" data-id=\"720baf3\" data-element_type=\"column\" data-e-type=\"column\">\n\t\t\t<div class=\"elementor-widget-wrap elementor-element-populated\">\n\t\t\t\t\t\t<div class=\"elementor-element elementor-element-8805a3c elementor-widget__width-initial elementor-widget-tablet__width-initial elementor-widget elementor-widget-image\" data-id=\"8805a3c\" data-element_type=\"widget\" data-e-type=\"widget\" data-widget_type=\"image.default\">\n\t\t\t\t<div class=\"elementor-widget-container\">\n\t\t\t\t\t\t\t\t\t\t\t\t\t\t\t<img fetchpriority=\"high\" decoding=\"async\" width=\"981\" height=\"1024\" src=\"https:\/\/kerstinpettenkofer.de\/wp-content\/uploads\/2023\/09\/Uebermich-981x1024.webp\" class=\"attachment-large size-large wp-image-25620\" alt=\"\" srcset=\"https:\/\/kerstinpettenkofer.de\/wp-content\/uploads\/2023\/09\/Uebermich-981x1024.webp 981w, https:\/\/kerstinpettenkofer.de\/wp-content\/uploads\/2023\/09\/Uebermich-287x300.webp 287w, https:\/\/kerstinpettenkofer.de\/wp-content\/uploads\/2023\/09\/Uebermich-768x801.webp 768w, https:\/\/kerstinpettenkofer.de\/wp-content\/uploads\/2023\/09\/Uebermich-1472x1536.webp 1472w, https:\/\/kerstinpettenkofer.de\/wp-content\/uploads\/2023\/09\/Uebermich.webp 1606w\" sizes=\"(max-width: 981px) 100vw, 981px\" \/>\t\t\t\t\t\t\t\t\t\t\t\t\t\t\t<\/div>\n\t\t\t\t<\/div>\n\t\t\t\t\t<\/div>\n\t\t<\/div>\n\t\t\t\t\t<\/div>\n\t\t<\/section>\n\t\t\t\t<section class=\"elementor-section elementor-top-section elementor-element elementor-element-73d23ba elementor-section-boxed elementor-section-height-default elementor-section-height-default\" data-id=\"73d23ba\" data-element_type=\"section\" data-e-type=\"section\" data-settings=\"{&quot;background_background&quot;:&quot;classic&quot;}\">\n\t\t\t\t\t\t<div class=\"elementor-container elementor-column-gap-default\">\n\t\t\t\t\t<div class=\"elementor-column elementor-col-50 elementor-top-column elementor-element elementor-element-d9270bd elementor-hidden-tablet elementor-hidden-mobile\" data-id=\"d9270bd\" data-element_type=\"column\" data-e-type=\"column\">\n\t\t\t<div class=\"elementor-widget-wrap elementor-element-populated\">\n\t\t\t\t\t\t<div class=\"elementor-element elementor-element-7924f2f elementor-widget__width-initial elementor-hidden-mobile elementor-widget elementor-widget-image\" data-id=\"7924f2f\" data-element_type=\"widget\" data-e-type=\"widget\" data-widget_type=\"image.default\">\n\t\t\t\t<div class=\"elementor-widget-container\">\n\t\t\t\t\t\t\t\t\t\t\t\t\t\t\t<img decoding=\"async\" src=\"https:\/\/kerstinpettenkofer.de\/wp-content\/uploads\/2023\/07\/3.jpg\" title=\"\" alt=\"\" loading=\"lazy\" \/>\t\t\t\t\t\t\t\t\t\t\t\t\t\t\t<\/div>\n\t\t\t\t<\/div>\n\t\t\t\t<div class=\"elementor-element elementor-element-b5b3634 elementor-widget__width-initial elementor-hidden-mobile elementor-widget elementor-widget-image\" data-id=\"b5b3634\" data-element_type=\"widget\" data-e-type=\"widget\" data-widget_type=\"image.default\">\n\t\t\t\t<div class=\"elementor-widget-container\">\n\t\t\t\t\t\t\t\t\t\t\t\t\t\t\t<img decoding=\"async\" src=\"https:\/\/kerstinpettenkofer.de\/wp-content\/uploads\/2023\/07\/DESIGNELEMENTE-WEBSEITE-Kopie-e1690027601161.jpg\" title=\"\" alt=\"\" loading=\"lazy\" \/>\t\t\t\t\t\t\t\t\t\t\t\t\t\t\t<\/div>\n\t\t\t\t<\/div>\n\t\t\t\t\t<\/div>\n\t\t<\/div>\n\t\t\t\t<div class=\"elementor-column elementor-col-50 elementor-top-column elementor-element elementor-element-c1741c9\" data-id=\"c1741c9\" data-element_type=\"column\" data-e-type=\"column\">\n\t\t\t<div class=\"elementor-widget-wrap elementor-element-populated\">\n\t\t\t\t\t\t<div class=\"elementor-element elementor-element-011426a elementor-widget elementor-widget-text-editor\" data-id=\"011426a\" data-element_type=\"widget\" data-e-type=\"widget\" data-widget_type=\"text-editor.default\">\n\t\t\t\t<div class=\"elementor-widget-container\">\n\t\t\t\t\t\t\t\t\t<p>Education<\/p>\t\t\t\t\t\t\t\t<\/div>\n\t\t\t\t<\/div>\n\t\t\t\t<section class=\"elementor-section elementor-inner-section elementor-element elementor-element-8ffff36 elementor-section-boxed elementor-section-height-default elementor-section-height-default\" data-id=\"8ffff36\" data-element_type=\"section\" data-e-type=\"section\">\n\t\t\t\t\t\t<div class=\"elementor-container elementor-column-gap-default\">\n\t\t\t\t\t<div class=\"elementor-column elementor-col-100 elementor-inner-column elementor-element elementor-element-5e46686\" data-id=\"5e46686\" data-element_type=\"column\" data-e-type=\"column\">\n\t\t\t<div class=\"elementor-widget-wrap elementor-element-populated\">\n\t\t\t\t\t\t<div class=\"elementor-element elementor-element-edb8ba9 elementor-hidden-desktop elementor-hidden-tablet elementor-widget elementor-widget-text-editor\" data-id=\"edb8ba9\" data-element_type=\"widget\" data-e-type=\"widget\" data-widget_type=\"text-editor.default\">\n\t\t\t\t<div class=\"elementor-widget-container\">\n\t\t\t\t\t\t\t\t\t<p>2003<br \/>Master of Arts in Politikwissenschaft, Romanistik, V\u00f6lkerrecht<br \/><br \/><em>Rheinische-Friedrich-Wilhelms Universit\u00e4t Bonn,\u00a0Deutschland<\/em><br \/><br \/><br \/><\/p><p>2020<br \/><br \/>Strategisches Nachhaltigkeitsmanagement<br \/><br \/><em>Eberwalde University for Sustainable Development<\/em><br \/><br \/><br \/>2021<\/p><p>Organisationsentwicklung<br \/><br \/><em>Kommunikationslotsen<\/em><br \/><br \/><br \/>2023<br \/><br \/>Systemischer Coach<br \/><br \/><em>IneKO\u00a0Institut a.d. Universit\u00e4t zu K\u00f6ln<\/em><\/p>\t\t\t\t\t\t\t\t<\/div>\n\t\t\t\t<\/div>\n\t\t\t\t<div class=\"elementor-element elementor-element-67ddf71 elementor-hidden-mobile elementor-widget elementor-widget-text-editor\" data-id=\"67ddf71\" data-element_type=\"widget\" data-e-type=\"widget\" data-widget_type=\"text-editor.default\">\n\t\t\t\t<div class=\"elementor-widget-container\">\n\t\t\t\t\t\t\t\t\t<p>2003\u00a0 \u00a0 Master of Arts in Political Sience, Romance studies, international law<\/p>\n<p style=\"padding-left: 40px;\">&nbsp; &nbsp;<em>Rheinische-Friedrich-Wilhelms University of Bonn, Germany<\/em><\/p>\t\t\t\t\t\t\t\t<\/div>\n\t\t\t\t<\/div>\n\t\t\t\t<div class=\"elementor-element elementor-element-0556fa0 elementor-hidden-mobile elementor-widget elementor-widget-text-editor\" data-id=\"0556fa0\" data-element_type=\"widget\" data-e-type=\"widget\" data-widget_type=\"text-editor.default\">\n\t\t\t\t<div class=\"elementor-widget-container\">\n\t\t\t\t\t\t\t\t\t<p style=\"font-size: 16px; font-style: normal; font-weight: 300;\">2020\u00a0 \u00a0 Strategic sustainability management<\/p><p style=\"font-size: 16px; font-style: normal; font-weight: 300; padding-left: 40px;\">\u00a0 \u00a0<em>Eberwalde University for Sustainable Development<\/em><\/p>\t\t\t\t\t\t\t\t<\/div>\n\t\t\t\t<\/div>\n\t\t\t\t<div class=\"elementor-element elementor-element-277041c elementor-hidden-mobile elementor-widget elementor-widget-text-editor\" data-id=\"277041c\" data-element_type=\"widget\" data-e-type=\"widget\" data-widget_type=\"text-editor.default\">\n\t\t\t\t<div class=\"elementor-widget-container\">\n\t\t\t\t\t\t\t\t\t<p style=\"font-size: 16px; font-style: normal; font-weight: 300;\">2021\u00a0 \u00a0 Organisational Development<\/p><p style=\"font-size: 16px; font-style: normal; font-weight: 300; padding-left: 40px;\">\u00a0<em>\u00a0\u00a0Kommunikationslotsen<\/em><\/p>\t\t\t\t\t\t\t\t<\/div>\n\t\t\t\t<\/div>\n\t\t\t\t<div class=\"elementor-element elementor-element-9cf1d37 elementor-hidden-mobile elementor-widget elementor-widget-text-editor\" data-id=\"9cf1d37\" data-element_type=\"widget\" data-e-type=\"widget\" data-widget_type=\"text-editor.default\">\n\t\t\t\t<div class=\"elementor-widget-container\">\n\t\t\t\t\t\t\t\t\t<p style=\"font-size: 16px; font-style: normal; font-weight: 300;\">2023\u00a0 \u00a0 Systemic Coaching<\/p><p style=\"font-size: 16px; font-style: normal; font-weight: 300; padding-left: 40px;\">\u00a0 \u00a0<em>IneKO Institut at the University of Cologne, Germany<\/em><\/p>\t\t\t\t\t\t\t\t<\/div>\n\t\t\t\t<\/div>\n\t\t\t\t<div class=\"elementor-element elementor-element-fc7e539 elementor-hidden-mobile elementor-widget elementor-widget-text-editor\" data-id=\"fc7e539\" data-element_type=\"widget\" data-e-type=\"widget\" data-widget_type=\"text-editor.default\">\n\t\t\t\t<div class=\"elementor-widget-container\">\n\t\t\t\t\t\t\t\t\t<p style=\"font-size: 16px; font-style: normal; font-weight: 300;\">2024\u00a0 \u00a0 Konfliktberatung<\/p><p style=\"font-size: 16px; font-style: normal; font-weight: 300; padding-left: 40px;\">\u00a0 <span style=\"color: #454545;\">Methode Kl\u00e4rungshilfe nach Dr. Christoph Thomann, Institut f\u00fcr Pers\u00f6nlichkeit <br \/><\/span><\/p>\t\t\t\t\t\t\t\t<\/div>\n\t\t\t\t<\/div>\n\t\t\t\t\t<\/div>\n\t\t<\/div>\n\t\t\t\t\t<\/div>\n\t\t<\/section>\n\t\t\t\t<div class=\"elementor-element elementor-element-ae3564b elementor-widget elementor-widget-text-editor\" data-id=\"ae3564b\" data-element_type=\"widget\" data-e-type=\"widget\" data-widget_type=\"text-editor.default\">\n\t\t\t\t<div class=\"elementor-widget-container\">\n\t\t\t\t\t\t\t\t\t<p>further education<\/p>\t\t\t\t\t\t\t\t<\/div>\n\t\t\t\t<\/div>\n\t\t\t\t<div class=\"elementor-element elementor-element-d1956db elementor-widget elementor-widget-text-editor\" data-id=\"d1956db\" data-element_type=\"widget\" data-e-type=\"widget\" data-widget_type=\"text-editor.default\">\n\t\t\t\t<div class=\"elementor-widget-container\">\n\t\t\t\t\t\t\t\t\t<ul>\n<li><em>Visual Facilitation, Bikablo (Bonn, 2022)<\/em><\/li>\n<li><em>Theory U Basic, Presencing Institut (virtuell 2022)<\/em><\/li>\n<li><em>Online Facilitation, Facilitation Academy Berlin (Online 2020)<\/em><\/li>\n<li><em>Agent for Intentional Transformation, Eugenio Molina (Malm\u00f8 2020)<\/em><\/li>\n<li><em>Master Class \u201eArt of Hosting\u201c, Mary Alice Arthur (Berlin 2019)<\/em><\/li>\n<li><em>Certified Live-Online-Trainer, FCT Akademie (Online 2018)<\/em><\/li>\n<li><em>Certified Design Thinking, Hasso-Plattner-Institut Potsdam (2018)<\/em><\/li>\n<li><em>Moderationstraining an der Berliner Journalistenschule (2017)<\/em><\/li>\n\n<li><em>Common Purpose Leadership Programme (2017)<\/em><\/li>\n<li><em>Interactive large group methods, Federal Agency for Civic Education (2007)<\/em><\/li>\n<li><em>Scenario Technique, LMU Munich, Institute for Applied Political Science (2005)<\/em><\/li><\/ul>\t\t\t\t\t\t\t\t<\/div>\n\t\t\t\t<\/div>\n\t\t\t\t<div class=\"elementor-element elementor-element-025aae9 elementor-widget elementor-widget-text-editor\" data-id=\"025aae9\" data-element_type=\"widget\" data-e-type=\"widget\" data-widget_type=\"text-editor.default\">\n\t\t\t\t<div class=\"elementor-widget-container\">\n\t\t\t\t\t\t\t\t\t<p><span style=\"color: #ff5143; font-family: 'Nothing You Could Do', sans-serif; font-size: 30px;\">Publications<\/span><\/p>\t\t\t\t\t\t\t\t<\/div>\n\t\t\t\t<\/div>\n\t\t\t\t<div class=\"elementor-element elementor-element-e2e39e1 elementor-widget elementor-widget-text-editor\" data-id=\"e2e39e1\" data-element_type=\"widget\" data-e-type=\"widget\" data-widget_type=\"text-editor.default\">\n\t\t\t\t<div class=\"elementor-widget-container\">\n\t\t\t\t\t\t\t\t\t<ul style=\"font-size: 16px; font-style: normal; font-weight: 300;\"><li style=\"font-size: 16px;\"><p class=\"translation-block\"><strong><a href=\"https:\/\/link.springer.com\/chapter\/10.1007\/978-3-658-36578-3_6\" target=\"_self\">Implementierung eines organisations\u00fcbergreifenden nachhaltigen Veranstaltungsmanagements<\/a><\/strong>\u00a0in Praxis-Guide f\u00fcr Nachhaltigkeit in der Eventbranche, Konzepte und Beispiele f\u00fcr Veranstaltungen mit \u00f6kologischer und \u00f6konomischer Ausrichtung,\u00a0<em><a href=\"https:\/\/link.springer.com\/book\/10.1007\/978-3-658-36578-3#author-1-0\" target=\"_self\">Thorsten Knoll<\/a>\u00a0und\u00a0<a href=\"https:\/\/link.springer.com\/book\/10.1007\/978-3-658-36578-3#author-1-1\" target=\"_self\">Stefan Luppold<\/a>\u00a0(Hrsg.)<\/em><\/p><\/li><li style=\"font-size: 16px;\"><p><a href=\"http:\/\/www.wochenschau-verlag.de\/Besser-leben\/jpb4-16\" target=\"_blank\" rel=\"noopener\"><strong>Journal f\u00fcr politische Bildung,\u00a0Die Grenzen des Wachstums \u2013 Nachhaltigkeit, Politische Pflanzen, Utopiewerkst\u00e4tten \u2013 Ist Berufsorientierung politische Bildung?<\/strong><\/a> \u2013 Der Brexit und die Folgen unter Mitarbeit von\u00a0<em><a href=\"http:\/\/www.wochenschau-verlag.de\/autor\/Melanie-Gehenzig\">Melanie Gehenzig<\/a>,\u00a0<a href=\"http:\/\/www.wochenschau-verlag.de\/autor\/Thomas-Gill\">Thomas Gill<\/a>,\u00a0<a href=\"http:\/\/www.wochenschau-verlag.de\/autor\/Michael-Hirsch\">Michael Hirsch<\/a>,\u00a0<a href=\"http:\/\/www.wochenschau-verlag.de\/autor\/Sandra-Mayer\">Sandra Mayer<\/a>,\u00a0<a href=\"http:\/\/www.wochenschau-verlag.de\/autor\/Bernd-Overwien\">Bernd Overwien<\/a>,\u00a0<a href=\"http:\/\/www.wochenschau-verlag.de\/autor\/Kerstin-Pettenkofer\">Kerstin Pettenkofer<\/a>,\u00a0<a href=\"http:\/\/www.wochenschau-verlag.de\/autor\/Christine-Reich\">Christine Reich<\/a>,\u00a0<a href=\"http:\/\/www.wochenschau-verlag.de\/autor\/Stefan-Rostock\">Stefan Rostock<\/a>,\u00a0<a href=\"http:\/\/www.wochenschau-verlag.de\/autor\/Eckart-D.-Stratenschulte\">Eckart D. Stratenschulte<\/a>,\u00a0<a href=\"http:\/\/www.wochenschau-verlag.de\/autor\/Jana-Trumann\">Jana Trumann<\/a><\/em><\/p><\/li><\/ul>\t\t\t\t\t\t\t\t<\/div>\n\t\t\t\t<\/div>\n\t\t\t\t\t<\/div>\n\t\t<\/div>\n\t\t\t\t\t<\/div>\n\t\t<\/section>\n\t\t\t\t<\/div>","protected":false},"excerpt":{"rendered":"<p>Ich gehe dahin, wo es kompliziert wird. Ich begleite Organisationen, Teams und F\u00fchrungskr\u00e4fte in Situationen, in denen es nicht mehr einfach weitergeht. Wenn Spannungen sp\u00fcrbar sind, Entscheidungen feststecken oder unklar ist, wie Zusammenarbeit gelingen kann. Mich interessieren genau diese Momente \u2013 weil hier Entwicklung m\u00f6glich wird. Wie ich arbeite&#8230; Ich schaffe R\u00e4ume, in denen Dinge &hellip;<\/p>\n<p class=\"read-more\"> <a class=\"\" href=\"https:\/\/kerstinpettenkofer.de\/en\/uebermich\/\"> <span class=\"screen-reader-text\">About me<\/span> Read More &raquo;<\/a><\/p>","protected":false},"author":1,"featured_media":0,"parent":0,"menu_order":0,"comment_status":"closed","ping_status":"closed","template":"","meta":{"site-sidebar-layout":"no-sidebar","site-content-layout":"page-builder","ast-global-header-display":"","ast-banner-title-visibility":"","ast-main-header-display":"","ast-hfb-above-header-display":"","ast-hfb-below-header-display":"","ast-hfb-mobile-header-display":"","site-post-title":"disabled","ast-breadcrumbs-content":"","ast-featured-img":"disabled","footer-sml-layout":"","theme-transparent-header-meta":"default","adv-header-id-meta":"","stick-header-meta":"","header-above-stick-meta":"","header-main-stick-meta":"","header-below-stick-meta":"","footnotes":""},"class_list":["post-104","page","type-page","status-publish","hentry"],"_links":{"self":[{"href":"https:\/\/kerstinpettenkofer.de\/en\/wp-json\/wp\/v2\/pages\/104","targetHints":{"allow":["GET"]}}],"collection":[{"href":"https:\/\/kerstinpettenkofer.de\/en\/wp-json\/wp\/v2\/pages"}],"about":[{"href":"https:\/\/kerstinpettenkofer.de\/en\/wp-json\/wp\/v2\/types\/page"}],"author":[{"embeddable":true,"href":"https:\/\/kerstinpettenkofer.de\/en\/wp-json\/wp\/v2\/users\/1"}],"replies":[{"embeddable":true,"href":"https:\/\/kerstinpettenkofer.de\/en\/wp-json\/wp\/v2\/comments?post=104"}],"version-history":[{"count":66,"href":"https:\/\/kerstinpettenkofer.de\/en\/wp-json\/wp\/v2\/pages\/104\/revisions"}],"predecessor-version":[{"id":26223,"href":"https:\/\/kerstinpettenkofer.de\/en\/wp-json\/wp\/v2\/pages\/104\/revisions\/26223"}],"wp:attachment":[{"href":"https:\/\/kerstinpettenkofer.de\/en\/wp-json\/wp\/v2\/media?parent=104"}],"curies":[{"name":"wp","href":"https:\/\/api.w.org\/{rel}","templated":true}]}}