{"id":24462,"date":"2020-10-07T04:43:41","date_gmt":"2020-10-07T04:43:41","guid":{"rendered":"http:\/\/pettenkofer.local\/home\/"},"modified":"2026-04-09T18:16:36","modified_gmt":"2026-04-09T18:16:36","slug":"home","status":"publish","type":"page","link":"https:\/\/kerstinpettenkofer.de\/en\/","title":{"rendered":"Home"},"content":{"rendered":"<div data-elementor-type=\"wp-page\" data-elementor-id=\"24462\" class=\"elementor elementor-24462\">\n\t\t\t\t\t\t<section class=\"elementor-section elementor-top-section elementor-element elementor-element-0af35b9 elementor-section-full_width elementor-section-height-full elementor-section-height-default elementor-section-items-middle\" data-id=\"0af35b9\" data-element_type=\"section\" data-e-type=\"section\" data-settings=\"{&quot;background_background&quot;:&quot;classic&quot;}\">\n\t\t\t\t\t\t<div class=\"elementor-container elementor-column-gap-default\">\n\t\t\t\t\t<div class=\"elementor-column elementor-col-100 elementor-top-column elementor-element elementor-element-d447766\" data-id=\"d447766\" data-element_type=\"column\" data-e-type=\"column\">\n\t\t\t<div class=\"elementor-widget-wrap elementor-element-populated\">\n\t\t\t\t\t\t<div class=\"elementor-element elementor-element-b549480 elementor-widget elementor-widget-text-editor\" data-id=\"b549480\" data-element_type=\"widget\" data-e-type=\"widget\" data-widget_type=\"text-editor.default\">\n\t\t\t\t<div class=\"elementor-widget-container\">\n\t\t\t\t\t\t\t\t\t<p>Klarheit schaffen<\/p><p>Zusammenarbeit st\u00e4rken<\/p><p>Ver\u00e4nderung voranbringen<\/p>\t\t\t\t\t\t\t\t<\/div>\n\t\t\t\t<\/div>\n\t\t\t\t\t<\/div>\n\t\t<\/div>\n\t\t\t\t\t<\/div>\n\t\t<\/section>\n\t\t\t\t<section class=\"elementor-section elementor-top-section elementor-element elementor-element-14bc7ab elementor-section-content-top elementor-section-boxed elementor-section-height-default elementor-section-height-default\" data-id=\"14bc7ab\" data-element_type=\"section\" data-e-type=\"section\" data-settings=\"{&quot;background_background&quot;:&quot;classic&quot;}\">\n\t\t\t\t\t\t<div class=\"elementor-container elementor-column-gap-no\">\n\t\t\t\t\t<div class=\"elementor-column elementor-col-50 elementor-top-column elementor-element elementor-element-112c62a\" data-id=\"112c62a\" data-element_type=\"column\" data-e-type=\"column\">\n\t\t\t<div class=\"elementor-widget-wrap elementor-element-populated\">\n\t\t\t\t\t\t<div class=\"elementor-element elementor-element-04b59af elementor-widget__width-initial elementor-widget elementor-widget-image\" data-id=\"04b59af\" data-element_type=\"widget\" data-e-type=\"widget\" data-widget_type=\"image.default\">\n\t\t\t\t<div class=\"elementor-widget-container\">\n\t\t\t\t\t\t\t\t\t\t\t\t\t\t\t<img fetchpriority=\"high\" decoding=\"async\" width=\"1472\" height=\"1536\" src=\"https:\/\/kerstinpettenkofer.de\/wp-content\/uploads\/2023\/09\/kerstinn22-1472x1536.webp\" class=\"attachment-1536x1536 size-1536x1536 wp-image-25629\" alt=\"\" srcset=\"https:\/\/kerstinpettenkofer.de\/wp-content\/uploads\/2023\/09\/kerstinn22-1472x1536.webp 1472w, https:\/\/kerstinpettenkofer.de\/wp-content\/uploads\/2023\/09\/kerstinn22-287x300.webp 287w, https:\/\/kerstinpettenkofer.de\/wp-content\/uploads\/2023\/09\/kerstinn22-981x1024.webp 981w, https:\/\/kerstinpettenkofer.de\/wp-content\/uploads\/2023\/09\/kerstinn22-768x801.webp 768w, https:\/\/kerstinpettenkofer.de\/wp-content\/uploads\/2023\/09\/kerstinn22.webp 1606w\" sizes=\"(max-width: 1472px) 100vw, 1472px\" \/>\t\t\t\t\t\t\t\t\t\t\t\t\t\t\t<\/div>\n\t\t\t\t<\/div>\n\t\t\t\t\t<\/div>\n\t\t<\/div>\n\t\t\t\t<div class=\"elementor-column elementor-col-50 elementor-top-column elementor-element elementor-element-8373266\" data-id=\"8373266\" data-element_type=\"column\" data-e-type=\"column\">\n\t\t\t<div class=\"elementor-widget-wrap elementor-element-populated\">\n\t\t\t\t\t\t<div class=\"elementor-element elementor-element-d8ed67a elementor-widget__width-initial e-transform elementor-widget elementor-widget-text-editor\" data-id=\"d8ed67a\" data-element_type=\"widget\" data-e-type=\"widget\" data-settings=\"{&quot;_transform_translateX_effect&quot;:{&quot;unit&quot;:&quot;px&quot;,&quot;size&quot;:&quot;&quot;,&quot;sizes&quot;:[]},&quot;_transform_translateX_effect_tablet&quot;:{&quot;unit&quot;:&quot;px&quot;,&quot;size&quot;:&quot;&quot;,&quot;sizes&quot;:[]},&quot;_transform_translateX_effect_mobile&quot;:{&quot;unit&quot;:&quot;px&quot;,&quot;size&quot;:&quot;&quot;,&quot;sizes&quot;:[]},&quot;_transform_translateY_effect&quot;:{&quot;unit&quot;:&quot;px&quot;,&quot;size&quot;:&quot;&quot;,&quot;sizes&quot;:[]},&quot;_transform_translateY_effect_tablet&quot;:{&quot;unit&quot;:&quot;px&quot;,&quot;size&quot;:&quot;&quot;,&quot;sizes&quot;:[]},&quot;_transform_translateY_effect_mobile&quot;:{&quot;unit&quot;:&quot;px&quot;,&quot;size&quot;:&quot;&quot;,&quot;sizes&quot;:[]}}\" data-widget_type=\"text-editor.default\">\n\t\t\t\t<div class=\"elementor-widget-container\">\n\t\t\t\t\t\t\t\t\t<p data-start=\"1042\" data-end=\"1102\">Sch\u00f6n, dass du hier bist. Ich bin <strong>Kerstin Pettenkofer<\/strong>.<\/p><p data-start=\"1109\" data-end=\"1197\">Ich arbeite mit <strong>Organisationen, Teams und F\u00fchrungskr\u00e4ften<\/strong>, wenn es schwierig wird.<\/p><p data-start=\"1204\" data-end=\"1355\">Bei <strong>Konflikten<\/strong>, ungekl\u00e4rten <strong>Spannungen<\/strong> and <strong>festgefahrenen Situationen<\/strong> unterst\u00fctze ich dabei, <strong>Klarheit<\/strong> zu schaffen und wieder ins Handeln zu kommen.<\/p>\t\t\t\t\t\t\t\t<\/div>\n\t\t\t\t<\/div>\n\t\t\t\t<div class=\"elementor-element elementor-element-c21ef6f elementor-widget elementor-widget-text-editor\" data-id=\"c21ef6f\" data-element_type=\"widget\" data-e-type=\"widget\" data-widget_type=\"text-editor.default\">\n\t\t\t\t<div class=\"elementor-widget-container\">\n\t\t\t\t\t\t\t\t\t<p>Wenn du merkst, dass es Zeit ist, Dinge zu kl\u00e4ren \u2013 melde dich gern.<\/p>\t\t\t\t\t\t\t\t<\/div>\n\t\t\t\t<\/div>\n\t\t\t\t<div class=\"elementor-element elementor-element-42a7d19 elementor-align-center elementor-widget elementor-widget-button\" data-id=\"42a7d19\" data-element_type=\"widget\" data-e-type=\"widget\" data-widget_type=\"button.default\">\n\t\t\t\t<div class=\"elementor-widget-container\">\n\t\t\t\t\t\t\t\t\t<div class=\"elementor-button-wrapper\">\n\t\t\t\t\t<a class=\"elementor-button elementor-button-link elementor-size-sm\" href=\"https:\/\/kerstinpettenkofer.de\/en\/kontakt\/\">\n\t\t\t\t\t\t<span class=\"elementor-button-content-wrapper\">\n\t\t\t\t\t\t\t\t\t<span class=\"elementor-button-text\">Melde dich<\/span>\n\t\t\t\t\t<\/span>\n\t\t\t\t\t<\/a>\n\t\t\t\t<\/div>\n\t\t\t\t\t\t\t\t<\/div>\n\t\t\t\t<\/div>\n\t\t\t\t\t<\/div>\n\t\t<\/div>\n\t\t\t\t\t<\/div>\n\t\t<\/section>\n\t\t\t\t<section class=\"elementor-section elementor-top-section elementor-element elementor-element-7c3af2c elementor-section-boxed elementor-section-height-default elementor-section-height-default\" data-id=\"7c3af2c\" data-element_type=\"section\" data-e-type=\"section\" data-settings=\"{&quot;background_background&quot;:&quot;classic&quot;}\">\n\t\t\t\t\t\t<div class=\"elementor-container elementor-column-gap-default\">\n\t\t\t\t\t<div class=\"elementor-column elementor-col-25 elementor-top-column elementor-element elementor-element-fcf082e\" data-id=\"fcf082e\" data-element_type=\"column\" data-e-type=\"column\">\n\t\t\t<div class=\"elementor-widget-wrap elementor-element-populated\">\n\t\t\t\t\t\t<div class=\"elementor-element elementor-element-b53bcbc elementor-widget-mobile__width-initial elementor-widget elementor-widget-image\" data-id=\"b53bcbc\" data-element_type=\"widget\" data-e-type=\"widget\" data-widget_type=\"image.default\">\n\t\t\t\t<div class=\"elementor-widget-container\">\n\t\t\t\t\t\t\t\t\t\t\t\t\t\t\t\t<a href=\"https:\/\/kerstinpettenkofer.de\/en\/nachhaltigkeitsberatung\/\">\n\t\t\t\t\t\t\t<img decoding=\"async\" width=\"512\" height=\"512\" src=\"https:\/\/kerstinpettenkofer.de\/wp-content\/uploads\/2023\/07\/cropped-5.jpg\" class=\"attachment-large size-large wp-image-25043\" alt=\"\" srcset=\"https:\/\/kerstinpettenkofer.de\/wp-content\/uploads\/2023\/07\/cropped-5.jpg 512w, https:\/\/kerstinpettenkofer.de\/wp-content\/uploads\/2023\/07\/cropped-5-300x300.jpg 300w, https:\/\/kerstinpettenkofer.de\/wp-content\/uploads\/2023\/07\/cropped-5-150x150.jpg 150w, https:\/\/kerstinpettenkofer.de\/wp-content\/uploads\/2023\/07\/cropped-5-270x270.jpg 270w, https:\/\/kerstinpettenkofer.de\/wp-content\/uploads\/2023\/07\/cropped-5-192x192.jpg 192w, https:\/\/kerstinpettenkofer.de\/wp-content\/uploads\/2023\/07\/cropped-5-180x180.jpg 180w, https:\/\/kerstinpettenkofer.de\/wp-content\/uploads\/2023\/07\/cropped-5-32x32.jpg 32w\" sizes=\"(max-width: 512px) 100vw, 512px\" \/>\t\t\t\t\t\t\t\t<\/a>\n\t\t\t\t\t\t\t\t\t\t\t\t\t\t\t<\/div>\n\t\t\t\t<\/div>\n\t\t\t\t<div class=\"elementor-element elementor-element-07edc9b elementor-widget elementor-widget-text-editor\" data-id=\"07edc9b\" data-element_type=\"widget\" data-e-type=\"widget\" data-widget_type=\"text-editor.default\">\n\t\t\t\t<div class=\"elementor-widget-container\">\n\t\t\t\t\t\t\t\t\t<p><a href=\"https:\/\/kerstinpettenkofer.de\/en\/konfliktberatung\/\" target=\"_blank\" rel=\"noopener\">Conflict Resolution<\/a><\/p>\t\t\t\t\t\t\t\t<\/div>\n\t\t\t\t<\/div>\n\t\t\t\t\t<\/div>\n\t\t<\/div>\n\t\t\t\t<div class=\"elementor-column elementor-col-25 elementor-top-column elementor-element elementor-element-b95c755\" data-id=\"b95c755\" data-element_type=\"column\" data-e-type=\"column\">\n\t\t\t<div class=\"elementor-widget-wrap elementor-element-populated\">\n\t\t\t\t\t\t<div class=\"elementor-element elementor-element-1556e28 elementor-widget-mobile__width-initial elementor-widget__width-initial elementor-widget elementor-widget-image\" data-id=\"1556e28\" data-element_type=\"widget\" data-e-type=\"widget\" data-widget_type=\"image.default\">\n\t\t\t\t<div class=\"elementor-widget-container\">\n\t\t\t\t\t\t\t\t\t\t\t\t\t\t\t\t<a href=\"https:\/\/kerstinpettenkofer.de\/en\/nachhaltigkeitsberatung\/\">\n\t\t\t\t\t\t\t<img decoding=\"async\" width=\"558\" height=\"530\" src=\"https:\/\/kerstinpettenkofer.de\/wp-content\/uploads\/2025\/03\/4.jpg\" class=\"attachment-large size-large wp-image-26095\" alt=\"\" srcset=\"https:\/\/kerstinpettenkofer.de\/wp-content\/uploads\/2025\/03\/4.jpg 558w, https:\/\/kerstinpettenkofer.de\/wp-content\/uploads\/2025\/03\/4-300x285.jpg 300w, https:\/\/kerstinpettenkofer.de\/wp-content\/uploads\/2025\/03\/4-13x12.jpg 13w\" sizes=\"(max-width: 558px) 100vw, 558px\" \/>\t\t\t\t\t\t\t\t<\/a>\n\t\t\t\t\t\t\t\t\t\t\t\t\t\t\t<\/div>\n\t\t\t\t<\/div>\n\t\t\t\t<div class=\"elementor-element elementor-element-aceea27 elementor-widget elementor-widget-text-editor\" data-id=\"aceea27\" data-element_type=\"widget\" data-e-type=\"widget\" data-widget_type=\"text-editor.default\">\n\t\t\t\t<div class=\"elementor-widget-container\">\n\t\t\t\t\t\t\t\t\t<p><a href=\"https:\/\/kerstinpettenkofer.de\/en\/strategieklausuren\/\" target=\"_blank\" rel=\"noopener\">Strategy workshop<\/a><\/p>\t\t\t\t\t\t\t\t<\/div>\n\t\t\t\t<\/div>\n\t\t\t\t\t<\/div>\n\t\t<\/div>\n\t\t\t\t<div class=\"elementor-column elementor-col-25 elementor-top-column elementor-element elementor-element-5d81fac\" data-id=\"5d81fac\" data-element_type=\"column\" data-e-type=\"column\">\n\t\t\t<div class=\"elementor-widget-wrap elementor-element-populated\">\n\t\t\t\t\t\t<div class=\"elementor-element elementor-element-9e3bf2b elementor-widget elementor-widget-image\" data-id=\"9e3bf2b\" data-element_type=\"widget\" data-e-type=\"widget\" data-widget_type=\"image.default\">\n\t\t\t\t<div class=\"elementor-widget-container\">\n\t\t\t\t\t\t\t\t\t\t\t\t\t\t\t<img loading=\"lazy\" decoding=\"async\" width=\"512\" height=\"512\" src=\"https:\/\/kerstinpettenkofer.de\/wp-content\/uploads\/2023\/07\/cropped-3.jpg\" class=\"attachment-large size-large wp-image-25040\" alt=\"\" srcset=\"https:\/\/kerstinpettenkofer.de\/wp-content\/uploads\/2023\/07\/cropped-3.jpg 512w, https:\/\/kerstinpettenkofer.de\/wp-content\/uploads\/2023\/07\/cropped-3-300x300.jpg 300w, https:\/\/kerstinpettenkofer.de\/wp-content\/uploads\/2023\/07\/cropped-3-150x150.jpg 150w, https:\/\/kerstinpettenkofer.de\/wp-content\/uploads\/2023\/07\/cropped-3-270x270.jpg 270w, https:\/\/kerstinpettenkofer.de\/wp-content\/uploads\/2023\/07\/cropped-3-192x192.jpg 192w, https:\/\/kerstinpettenkofer.de\/wp-content\/uploads\/2023\/07\/cropped-3-180x180.jpg 180w, https:\/\/kerstinpettenkofer.de\/wp-content\/uploads\/2023\/07\/cropped-3-32x32.jpg 32w\" sizes=\"(max-width: 512px) 100vw, 512px\" \/>\t\t\t\t\t\t\t\t\t\t\t\t\t\t\t<\/div>\n\t\t\t\t<\/div>\n\t\t\t\t<div class=\"elementor-element elementor-element-a7a7f5c elementor-widget elementor-widget-text-editor\" data-id=\"a7a7f5c\" data-element_type=\"widget\" data-e-type=\"widget\" data-widget_type=\"text-editor.default\">\n\t\t\t\t<div class=\"elementor-widget-container\">\n\t\t\t\t\t\t\t\t\t<p><a href=\"https:\/\/kerstinpettenkofer.de\/en\/teamentwicklung\/\">Team Development\u00a0<\/a><\/p>\t\t\t\t\t\t\t\t<\/div>\n\t\t\t\t<\/div>\n\t\t\t\t\t<\/div>\n\t\t<\/div>\n\t\t\t\t<div class=\"elementor-column elementor-col-25 elementor-top-column elementor-element elementor-element-f16312d\" data-id=\"f16312d\" data-element_type=\"column\" data-e-type=\"column\">\n\t\t\t<div class=\"elementor-widget-wrap elementor-element-populated\">\n\t\t\t\t\t\t<div class=\"elementor-element elementor-element-f4e827c elementor-widget__width-initial elementor-widget elementor-widget-image\" data-id=\"f4e827c\" data-element_type=\"widget\" data-e-type=\"widget\" data-widget_type=\"image.default\">\n\t\t\t\t<div class=\"elementor-widget-container\">\n\t\t\t\t\t\t\t\t\t\t\t\t\t\t\t\t<a href=\"https:\/\/kerstinpettenkofer.de\/en\/prozessbegleitung\/\">\n\t\t\t\t\t\t\t<img loading=\"lazy\" decoding=\"async\" width=\"1024\" height=\"667\" src=\"https:\/\/kerstinpettenkofer.de\/wp-content\/uploads\/2025\/03\/2-1024x667.jpg\" class=\"attachment-large size-large wp-image-26096\" alt=\"\" srcset=\"https:\/\/kerstinpettenkofer.de\/wp-content\/uploads\/2025\/03\/2-1024x667.jpg 1024w, https:\/\/kerstinpettenkofer.de\/wp-content\/uploads\/2025\/03\/2-300x195.jpg 300w, https:\/\/kerstinpettenkofer.de\/wp-content\/uploads\/2025\/03\/2-768x500.jpg 768w, https:\/\/kerstinpettenkofer.de\/wp-content\/uploads\/2025\/03\/2-18x12.jpg 18w, https:\/\/kerstinpettenkofer.de\/wp-content\/uploads\/2025\/03\/2.jpg 1084w\" sizes=\"(max-width: 1024px) 100vw, 1024px\" \/>\t\t\t\t\t\t\t\t<\/a>\n\t\t\t\t\t\t\t\t\t\t\t\t\t\t\t<\/div>\n\t\t\t\t<\/div>\n\t\t\t\t<div class=\"elementor-element elementor-element-f396436 elementor-widget elementor-widget-text-editor\" data-id=\"f396436\" data-element_type=\"widget\" data-e-type=\"widget\" data-widget_type=\"text-editor.default\">\n\t\t\t\t<div class=\"elementor-widget-container\">\n\t\t\t\t\t\t\t\t\t<p><a href=\"https:\/\/kerstinpettenkofer.de\/en\/coaching\/\" target=\"_blank\" rel=\"noopener\">Coaching<\/a><\/p>\t\t\t\t\t\t\t\t<\/div>\n\t\t\t\t<\/div>\n\t\t\t\t\t<\/div>\n\t\t<\/div>\n\t\t\t\t\t<\/div>\n\t\t<\/section>\n\t\t\t\t<section class=\"elementor-section elementor-top-section elementor-element elementor-element-e0065e2 elementor-section-height-full elementor-section-boxed elementor-section-height-default elementor-section-items-middle\" data-id=\"e0065e2\" data-element_type=\"section\" data-e-type=\"section\" data-settings=\"{&quot;background_background&quot;:&quot;classic&quot;}\">\n\t\t\t\t\t\t<div class=\"elementor-container elementor-column-gap-default\">\n\t\t\t\t\t<div class=\"elementor-column elementor-col-100 elementor-top-column elementor-element elementor-element-202762a\" data-id=\"202762a\" data-element_type=\"column\" data-e-type=\"column\">\n\t\t\t<div class=\"elementor-widget-wrap elementor-element-populated\">\n\t\t\t\t\t\t<div class=\"elementor-element elementor-element-b023ff1 elementor-widget__width-initial elementor-widget elementor-widget-text-editor\" data-id=\"b023ff1\" data-element_type=\"widget\" data-e-type=\"widget\" data-widget_type=\"text-editor.default\">\n\t\t\t\t<div class=\"elementor-widget-container\">\n\t\t\t\t\t\t\t\t\t<p><span role=\"text\"><strong data-start=\"1074\" data-end=\"1106\">Du bist hier richtig, wenn \u2026<\/strong><\/span><\/p><p>-ein Leitungsteam neu zusammengesetzt wurde<\/p><p>-Konflikte die Zusammenarbeit belasten<\/p><p>-eine Strategieklausur vorbereitet werden soll<\/p><p>&#8211; ein Team nach Ver\u00e4nderungen wieder Orientierung braucht<\/p><p>-F\u00fchrungskr\u00e4fte ihre Rolle kl\u00e4ren oder in herausfordernden Situationen Orientierung gewinnen wollen<\/p><p data-start=\"3271\" data-end=\"3299\">\u00a0<\/p>\t\t\t\t\t\t\t\t<\/div>\n\t\t\t\t<\/div>\n\t\t\t\t<div class=\"elementor-element elementor-element-b48edbc elementor-align-center elementor-widget elementor-widget-button\" data-id=\"b48edbc\" data-element_type=\"widget\" data-e-type=\"widget\" data-widget_type=\"button.default\">\n\t\t\t\t<div class=\"elementor-widget-container\">\n\t\t\t\t\t\t\t\t\t<div class=\"elementor-button-wrapper\">\n\t\t\t\t\t<a class=\"elementor-button elementor-button-link elementor-size-sm\" href=\"https:\/\/kerstinpettenkofer.de\/en\/kontakt\/\">\n\t\t\t\t\t\t<span class=\"elementor-button-content-wrapper\">\n\t\t\t\t\t\t\t\t\t<span class=\"elementor-button-text\">Ich freue mich auf den Austausch. <\/span>\n\t\t\t\t\t<\/span>\n\t\t\t\t\t<\/a>\n\t\t\t\t<\/div>\n\t\t\t\t\t\t\t\t<\/div>\n\t\t\t\t<\/div>\n\t\t\t\t\t<\/div>\n\t\t<\/div>\n\t\t\t\t\t<\/div>\n\t\t<\/section>\n\t\t\t\t<\/div>","protected":false},"excerpt":{"rendered":"<p>Klarheit schaffen Zusammenarbeit st\u00e4rken Ver\u00e4nderung voranbringen Sch\u00f6n, dass du hier bist. Ich bin Kerstin Pettenkofer. Ich arbeite mit Organisationen, Teams und F\u00fchrungskr\u00e4ften, wenn es schwierig wird. Bei Konflikten, ungekl\u00e4rten Spannungen und festgefahrenen Situationen unterst\u00fctze ich dabei, Klarheit zu schaffen und wieder ins Handeln zu kommen. Wenn du merkst, dass es Zeit ist, Dinge zu kl\u00e4ren &hellip;<\/p>\n<p class=\"read-more\"> <a class=\"\" href=\"https:\/\/kerstinpettenkofer.de\/en\/\"> <span class=\"screen-reader-text\">Home<\/span> Read More &raquo;<\/a><\/p>","protected":false},"author":1,"featured_media":0,"parent":0,"menu_order":0,"comment_status":"closed","ping_status":"closed","template":"","meta":{"site-sidebar-layout":"no-sidebar","site-content-layout":"page-builder","ast-global-header-display":"","ast-banner-title-visibility":"","ast-main-header-display":"","ast-hfb-above-header-display":"","ast-hfb-below-header-display":"","ast-hfb-mobile-header-display":"","site-post-title":"disabled","ast-breadcrumbs-content":"","ast-featured-img":"disabled","footer-sml-layout":"","theme-transparent-header-meta":"default","adv-header-id-meta":"","stick-header-meta":"","header-above-stick-meta":"","header-main-stick-meta":"","header-below-stick-meta":"","footnotes":""},"class_list":["post-24462","page","type-page","status-publish","hentry"],"_links":{"self":[{"href":"https:\/\/kerstinpettenkofer.de\/en\/wp-json\/wp\/v2\/pages\/24462","targetHints":{"allow":["GET"]}}],"collection":[{"href":"https:\/\/kerstinpettenkofer.de\/en\/wp-json\/wp\/v2\/pages"}],"about":[{"href":"https:\/\/kerstinpettenkofer.de\/en\/wp-json\/wp\/v2\/types\/page"}],"author":[{"embeddable":true,"href":"https:\/\/kerstinpettenkofer.de\/en\/wp-json\/wp\/v2\/users\/1"}],"replies":[{"embeddable":true,"href":"https:\/\/kerstinpettenkofer.de\/en\/wp-json\/wp\/v2\/comments?post=24462"}],"version-history":[{"count":165,"href":"https:\/\/kerstinpettenkofer.de\/en\/wp-json\/wp\/v2\/pages\/24462\/revisions"}],"predecessor-version":[{"id":26196,"href":"https:\/\/kerstinpettenkofer.de\/en\/wp-json\/wp\/v2\/pages\/24462\/revisions\/26196"}],"wp:attachment":[{"href":"https:\/\/kerstinpettenkofer.de\/en\/wp-json\/wp\/v2\/media?parent=24462"}],"curies":[{"name":"wp","href":"https:\/\/api.w.org\/{rel}","templated":true}]}}