{"id":24613,"date":"2023-07-20T13:43:44","date_gmt":"2023-07-20T13:43:44","guid":{"rendered":"http:\/\/pettenkofer.local\/?page_id=24613"},"modified":"2026-05-10T11:24:33","modified_gmt":"2026-05-10T11:24:33","slug":"teamentwicklung","status":"publish","type":"page","link":"https:\/\/kerstinpettenkofer.de\/en\/teamentwicklung\/","title":{"rendered":"Team Development"},"content":{"rendered":"<div data-elementor-type=\"wp-page\" data-elementor-id=\"24613\" class=\"elementor elementor-24613\">\n\t\t\t\t\t\t<section class=\"elementor-section elementor-top-section elementor-element elementor-element-a17219f elementor-section-content-top elementor-section-height-min-height elementor-section-boxed elementor-section-height-default elementor-section-items-middle\" data-id=\"a17219f\" data-element_type=\"section\" data-e-type=\"section\">\n\t\t\t\t\t\t<div class=\"elementor-container elementor-column-gap-no\">\n\t\t\t\t\t<div class=\"elementor-column elementor-col-50 elementor-top-column elementor-element elementor-element-f7e7343\" data-id=\"f7e7343\" data-element_type=\"column\" data-e-type=\"column\">\n\t\t\t<div class=\"elementor-widget-wrap elementor-element-populated\">\n\t\t\t\t\t\t<div class=\"elementor-element elementor-element-06dcb8a elementor-absolute elementor-widget elementor-widget-image\" data-id=\"06dcb8a\" data-element_type=\"widget\" data-e-type=\"widget\" data-settings=\"{&quot;_position&quot;:&quot;absolute&quot;}\" data-widget_type=\"image.default\">\n\t\t\t\t<div class=\"elementor-widget-container\">\n\t\t\t\t\t\t\t\t\t\t\t\t\t\t\t<img fetchpriority=\"high\" decoding=\"async\" width=\"1472\" height=\"1536\" src=\"https:\/\/kerstinpettenkofer.de\/wp-content\/uploads\/2023\/09\/Uebermich-1472x1536.webp\" class=\"attachment-1536x1536 size-1536x1536 wp-image-25620\" alt=\"\" srcset=\"https:\/\/kerstinpettenkofer.de\/wp-content\/uploads\/2023\/09\/Uebermich-1472x1536.webp 1472w, https:\/\/kerstinpettenkofer.de\/wp-content\/uploads\/2023\/09\/Uebermich-287x300.webp 287w, https:\/\/kerstinpettenkofer.de\/wp-content\/uploads\/2023\/09\/Uebermich-981x1024.webp 981w, https:\/\/kerstinpettenkofer.de\/wp-content\/uploads\/2023\/09\/Uebermich-768x801.webp 768w, https:\/\/kerstinpettenkofer.de\/wp-content\/uploads\/2023\/09\/Uebermich.webp 1606w\" sizes=\"(max-width: 1472px) 100vw, 1472px\" \/>\t\t\t\t\t\t\t\t\t\t\t\t\t\t\t<\/div>\n\t\t\t\t<\/div>\n\t\t\t\t\t<\/div>\n\t\t<\/div>\n\t\t\t\t<div class=\"elementor-column elementor-col-50 elementor-top-column elementor-element elementor-element-c4e08c6\" data-id=\"c4e08c6\" data-element_type=\"column\" data-e-type=\"column\">\n\t\t\t<div class=\"elementor-widget-wrap elementor-element-populated\">\n\t\t\t\t\t\t<div class=\"elementor-element elementor-element-6c7882d elementor-widget elementor-widget-heading\" data-id=\"6c7882d\" data-element_type=\"widget\" data-e-type=\"widget\" data-widget_type=\"heading.default\">\n\t\t\t\t<div class=\"elementor-widget-container\">\n\t\t\t\t\t<h1 class=\"elementor-heading-title elementor-size-default\">Team Development<\/h1>\t\t\t\t<\/div>\n\t\t\t\t<\/div>\n\t\t\t\t<div class=\"elementor-element elementor-element-b92d6a6 elementor-widget__width-initial elementor-widget elementor-widget-text-editor\" data-id=\"b92d6a6\" data-element_type=\"widget\" data-e-type=\"widget\" data-widget_type=\"text-editor.default\">\n\t\t\t\t<div class=\"elementor-widget-container\">\n\t\t\t\t\t\t\t\t\t<p>Good collaboration doesn\u2019t happen by itself \u2013 it requires regular and intentional clarification.<\/p><p>I support teams in regularly reflecting on how they work together, clarifying expectations, and continuing to grow as a team. This creates a solid foundation \u2013 especially during periods of change or growth.<\/p><p data-start=\"876\" data-end=\"964\">Und: <strong>I also work with teams when collaboration has already become challenging.<\/strong>.<\/p><p data-start=\"1058\" data-end=\"1232\">When tensions are building, coordination breaks down, or decisions get stuck, I help teams address issues openly and find a way forward.<\/p>\t\t\t\t\t\t\t\t<\/div>\n\t\t\t\t<\/div>\n\t\t\t\t<div class=\"elementor-element elementor-element-84725d7 elementor-widget__width-initial elementor-widget elementor-widget-text-editor\" data-id=\"84725d7\" data-element_type=\"widget\" data-e-type=\"widget\" data-widget_type=\"text-editor.default\">\n\t\t\t\t<div class=\"elementor-widget-container\">\n\t\t\t\t\t\t\t\t\t<p data-section-id=\"1mknr7l\" data-start=\"1239\" data-end=\"1266\"><strong>When is team development useful?<\/strong><\/p><ul><li data-section-id=\"1mknr7l\" data-start=\"1239\" data-end=\"1266\">you want to develop the way you work together more intentionally.<\/li><li data-section-id=\"1mknr7l\" data-start=\"1239\" data-end=\"1266\">your team is realigning or growing.<\/li><li data-section-id=\"1mknr7l\" data-start=\"1239\" data-end=\"1266\">roles and responsibilities need to be clarified.<\/li><li data-section-id=\"1mknr7l\" data-start=\"1239\" data-end=\"1266\">conflict or tensions are affecting collaboration.<\/li><li data-section-id=\"1mknr7l\" data-start=\"1239\" data-end=\"1266\">you want to work together more clearly and more effectively as a team.<\/li><\/ul>\t\t\t\t\t\t\t\t<\/div>\n\t\t\t\t<\/div>\n\t\t\t\t<div class=\"elementor-element elementor-element-f94dd32 elementor-widget__width-initial elementor-widget elementor-widget-text-editor\" data-id=\"f94dd32\" data-element_type=\"widget\" data-e-type=\"widget\" data-widget_type=\"text-editor.default\">\n\t\t\t\t<div class=\"elementor-widget-container\">\n\t\t\t\t\t\t\t\t\t<p data-section-id=\"hvqlod\" data-start=\"1986\" data-end=\"2011\"><strong><span role=\"text\">What Will Be Different<\/span><\/strong><\/p><ul><li data-section-id=\"hvqlod\" data-start=\"1986\" data-end=\"2011\">Teams gain a shared understanding of how they work together.<\/li><li data-section-id=\"hvqlod\" data-start=\"1986\" data-end=\"2011\">Expectations and responsibilities become clearer, and coordination becomes easier.<\/li><li data-section-id=\"hvqlod\" data-start=\"1986\" data-end=\"2011\">Conflicts can be addressed early and turned into opportunities for learning and growth.<\/li><\/ul><p>This creates a way of working together that remains strong, even in challenging situations.<\/p>\t\t\t\t\t\t\t\t<\/div>\n\t\t\t\t<\/div>\n\t\t\t\t<div class=\"elementor-element elementor-element-6cbcb53 elementor-widget elementor-widget-text-editor\" data-id=\"6cbcb53\" data-element_type=\"widget\" data-e-type=\"widget\" data-widget_type=\"text-editor.default\">\n\t\t\t\t<div class=\"elementor-widget-container\">\n\t\t\t\t\t\t\t\t\t<p>If you'd like to strengthen or clarify the way you work together, feel free to get in touch. I\u2019d be happy to explore how I can support you. <a href=\"mailto:kerstin@kerstinpettenkofer.de\">ins Gespr\u00e4ch kommen!\u00a0<\/a><\/p>\t\t\t\t\t\t\t\t<\/div>\n\t\t\t\t<\/div>\n\t\t\t\t\t<\/div>\n\t\t<\/div>\n\t\t\t\t\t<\/div>\n\t\t<\/section>\n\t\t\t\t<\/div>","protected":false},"excerpt":{"rendered":"<p>Teamentwicklung Gute Zusammenarbeit entsteht nicht von selbst \u2013 sie braucht immer wieder bewusste Kl\u00e4rung. Ich begleite Teams dabei, ihre Zusammenarbeit regelm\u00e4\u00dfig zu reflektieren, Erwartungen zu kl\u00e4ren und sich gemeinsam weiterzuentwickeln. Das schafft eine stabile Grundlage \u2013 gerade in Phasen von Ver\u00e4nderung oder Wachstum. Und: Ich arbeite auch dann mit Teams, wenn es bereits schwierig geworden &hellip;<\/p>\n<p class=\"read-more\"> <a class=\"\" href=\"https:\/\/kerstinpettenkofer.de\/en\/teamentwicklung\/\"> <span class=\"screen-reader-text\">Team Development<\/span> Read More &raquo;<\/a><\/p>","protected":false},"author":1,"featured_media":0,"parent":0,"menu_order":0,"comment_status":"closed","ping_status":"closed","template":"","meta":{"site-sidebar-layout":"no-sidebar","site-content-layout":"page-builder","ast-global-header-display":"","ast-banner-title-visibility":"","ast-main-header-display":"","ast-hfb-above-header-display":"","ast-hfb-below-header-display":"","ast-hfb-mobile-header-display":"","site-post-title":"disabled","ast-breadcrumbs-content":"","ast-featured-img":"disabled","footer-sml-layout":"","theme-transparent-header-meta":"","adv-header-id-meta":"","stick-header-meta":"","header-above-stick-meta":"","header-main-stick-meta":"","header-below-stick-meta":"","footnotes":""},"class_list":["post-24613","page","type-page","status-publish","hentry"],"_links":{"self":[{"href":"https:\/\/kerstinpettenkofer.de\/en\/wp-json\/wp\/v2\/pages\/24613","targetHints":{"allow":["GET"]}}],"collection":[{"href":"https:\/\/kerstinpettenkofer.de\/en\/wp-json\/wp\/v2\/pages"}],"about":[{"href":"https:\/\/kerstinpettenkofer.de\/en\/wp-json\/wp\/v2\/types\/page"}],"author":[{"embeddable":true,"href":"https:\/\/kerstinpettenkofer.de\/en\/wp-json\/wp\/v2\/users\/1"}],"replies":[{"embeddable":true,"href":"https:\/\/kerstinpettenkofer.de\/en\/wp-json\/wp\/v2\/comments?post=24613"}],"version-history":[{"count":70,"href":"https:\/\/kerstinpettenkofer.de\/en\/wp-json\/wp\/v2\/pages\/24613\/revisions"}],"predecessor-version":[{"id":26290,"href":"https:\/\/kerstinpettenkofer.de\/en\/wp-json\/wp\/v2\/pages\/24613\/revisions\/26290"}],"wp:attachment":[{"href":"https:\/\/kerstinpettenkofer.de\/en\/wp-json\/wp\/v2\/media?parent=24613"}],"curies":[{"name":"wp","href":"https:\/\/api.w.org\/{rel}","templated":true}]}}