{"id":24744,"date":"2023-07-22T12:23:50","date_gmt":"2023-07-22T12:23:50","guid":{"rendered":"http:\/\/pettenkofer.local\/?page_id=24744"},"modified":"2023-08-31T16:09:47","modified_gmt":"2023-08-31T16:09:47","slug":"impressum","status":"publish","type":"page","link":"https:\/\/kerstinpettenkofer.de\/en\/impressum\/","title":{"rendered":"Imprint"},"content":{"rendered":"<div data-elementor-type=\"wp-page\" data-elementor-id=\"24744\" class=\"elementor elementor-24744\">\n\t\t\t\t\t\t<section class=\"elementor-section elementor-top-section elementor-element elementor-element-4ec2cc7 elementor-section-boxed elementor-section-height-default elementor-section-height-default\" data-id=\"4ec2cc7\" data-element_type=\"section\" data-e-type=\"section\">\n\t\t\t\t\t\t<div class=\"elementor-container elementor-column-gap-default\">\n\t\t\t\t\t<div class=\"elementor-column elementor-col-50 elementor-top-column elementor-element elementor-element-a633f8c\" data-id=\"a633f8c\" data-element_type=\"column\" data-e-type=\"column\">\n\t\t\t<div class=\"elementor-widget-wrap elementor-element-populated\">\n\t\t\t\t\t\t<div class=\"elementor-element elementor-element-09db17c elementor-widget elementor-widget-text-editor\" data-id=\"09db17c\" data-element_type=\"widget\" data-e-type=\"widget\" data-widget_type=\"text-editor.default\">\n\t\t\t\t<div class=\"elementor-widget-container\">\n\t\t\t\t\t\t\t\t\t<p>Imprint<\/p>\t\t\t\t\t\t\t\t<\/div>\n\t\t\t\t<\/div>\n\t\t\t\t<div class=\"elementor-element elementor-element-8bb3e84 elementor-widget elementor-widget-text-editor\" data-id=\"8bb3e84\" data-element_type=\"widget\" data-e-type=\"widget\" data-widget_type=\"text-editor.default\">\n\t\t\t\t<div class=\"elementor-widget-container\">\n\t\t\t\t\t\t\t\t\t<p><strong>Responsible according to \u00a7 5 TMG<\/strong><\/p>\n<p><\/p>\n<p><strong>Kerstin Pettenkofer<\/strong><\/p>\n<p>Klemens-Hofbauer-Str. 47<\/p>\n<p>D-53117 Bonn<\/p>\n<p><\/p>\n<p>Tel&nbsp; &nbsp; &nbsp; &nbsp;+49 (0) 171 4875618<\/p>\n<p>Mail&nbsp; &nbsp; &nbsp;kerstin@kerstinpettenkofer.de<\/p>\n<p>Net&nbsp; &nbsp; &nbsp; www.kerstinpettenkofer.de<\/p>\n<p><\/p>\n<p>Tax number      205\/5228\/1616<\/p>\n<p><\/p>\n<p><strong>Bildrechte<\/strong><\/p>\n<p>Portrait: \u00a9DanielHofer \/ photo Teamcoaching: \u00a9MarcPettenkofer \/ photo Moderation: \u00a9KonstantinB\u00f6rner \/ photo Qualification sowie about me @MartinMagunia <br><\/p>\n<p><strong>Liability<\/strong><\/p>\n<p>Es wird keine Gew\u00e4hrleistung und keine Haftung im Zusammenhang mit jeglicher Nutzung der Internetseite, insbesondere f\u00fcr die Inhalte, und f\u00fcr dadurch entstehende Sch\u00e4den, \u00fcbernommen.<\/p>\n<p><strong>Design<\/strong><\/p>\n<p>ewerART | www.ewerart.de<\/p>\t\t\t\t\t\t\t\t<\/div>\n\t\t\t\t<\/div>\n\t\t\t\t\t<\/div>\n\t\t<\/div>\n\t\t\t\t<div class=\"elementor-column elementor-col-50 elementor-top-column elementor-element elementor-element-0851231\" data-id=\"0851231\" data-element_type=\"column\" data-e-type=\"column\">\n\t\t\t<div class=\"elementor-widget-wrap\">\n\t\t\t\t\t\t\t<\/div>\n\t\t<\/div>\n\t\t\t\t\t<\/div>\n\t\t<\/section>\n\t\t\t\t<\/div>","protected":false},"excerpt":{"rendered":"<p>Impressum Verantwortlich gem\u00e4\u00df \u00a7 5 TMG Kerstin Pettenkofer Klemens-Hofbauer-Str. 47 D-53117 Bonn Tel&nbsp; &nbsp; &nbsp; &nbsp;+49 (0) 171 4875618 Mail&nbsp; &nbsp; &nbsp;kerstin@kerstinpettenkofer.de Net&nbsp; &nbsp; &nbsp; www.kerstinpettenkofer.de Steuernummer&nbsp; &nbsp; 205\/5228\/1616 Bildrechte Portrait: \u00a9DanielHofer \/ Foto Teamcoaching: \u00a9MarcPettenkofer \/ Foto Moderation: \u00a9KonstantinB\u00f6rner \/ Foto Qualifizierungsangebote sowie \u00fcber mich @MartinMagunia Haftung Es wird keine Gew\u00e4hrleistung und keine Haftung &hellip;<\/p>\n<p class=\"read-more\"> <a class=\"\" href=\"https:\/\/kerstinpettenkofer.de\/en\/impressum\/\"> <span class=\"screen-reader-text\">Imprint<\/span> Read More &raquo;<\/a><\/p>","protected":false},"author":1,"featured_media":0,"parent":0,"menu_order":0,"comment_status":"closed","ping_status":"closed","template":"","meta":{"site-sidebar-layout":"no-sidebar","site-content-layout":"page-builder","ast-global-header-display":"","ast-banner-title-visibility":"","ast-main-header-display":"","ast-hfb-above-header-display":"","ast-hfb-below-header-display":"","ast-hfb-mobile-header-display":"","site-post-title":"disabled","ast-breadcrumbs-content":"","ast-featured-img":"disabled","footer-sml-layout":"","theme-transparent-header-meta":"","adv-header-id-meta":"","stick-header-meta":"","header-above-stick-meta":"","header-main-stick-meta":"","header-below-stick-meta":"","footnotes":""},"class_list":["post-24744","page","type-page","status-publish","hentry"],"_links":{"self":[{"href":"https:\/\/kerstinpettenkofer.de\/en\/wp-json\/wp\/v2\/pages\/24744","targetHints":{"allow":["GET"]}}],"collection":[{"href":"https:\/\/kerstinpettenkofer.de\/en\/wp-json\/wp\/v2\/pages"}],"about":[{"href":"https:\/\/kerstinpettenkofer.de\/en\/wp-json\/wp\/v2\/types\/page"}],"author":[{"embeddable":true,"href":"https:\/\/kerstinpettenkofer.de\/en\/wp-json\/wp\/v2\/users\/1"}],"replies":[{"embeddable":true,"href":"https:\/\/kerstinpettenkofer.de\/en\/wp-json\/wp\/v2\/comments?post=24744"}],"version-history":[{"count":0,"href":"https:\/\/kerstinpettenkofer.de\/en\/wp-json\/wp\/v2\/pages\/24744\/revisions"}],"wp:attachment":[{"href":"https:\/\/kerstinpettenkofer.de\/en\/wp-json\/wp\/v2\/media?parent=24744"}],"curies":[{"name":"wp","href":"https:\/\/api.w.org\/{rel}","templated":true}]}}